{"id":7980,"date":"2023-12-14T06:59:38","date_gmt":"2023-12-14T06:59:38","guid":{"rendered":"https:\/\/sexshopbajolassabanas.mx\/?post_type=product&#038;p=7980"},"modified":"2024-04-02T05:28:05","modified_gmt":"2024-04-02T05:28:05","slug":"masturbadores-masculinos","status":"publish","type":"product","link":"https:\/\/sexshopbajolassabanas.mx\/?product=masturbadores-masculinos","title":{"rendered":"Masturbadores masculinos"},"content":{"rendered":"<p id=\"tw-target-text\" class=\"tw-data-text tw-text-large tw-ta\" dir=\"ltr\" data-placeholder=\"Traducci\u00f3n\" data-ved=\"2ahUKEwjGn-KulY6DAxUgj2oFHbuOCu8Q3ewLegQIBhAQ\"><span class=\"Y2IQFc\" lang=\"es\">El conjunto M for Men Soft &amp; Wet son 3 masturbadores masculinos, te brinda lo que deseas, en todo momento. Este kit incluye 3 fundas separadas para imitar situaciones reales. Son autolubricantes, lo que significa que puedes agregar solo un poco de agua o saliva y se volver\u00e1n resbaladizos como los reales.<\/span><\/p>\n<p class=\"tw-data-text tw-text-large tw-ta\" dir=\"ltr\" data-placeholder=\"Traducci\u00f3n\" data-ved=\"2ahUKEwjGn-KulY6DAxUgj2oFHbuOCu8Q3ewLegQIBhAQ\"><span class=\"Y2IQFc\" lang=\"es\">Cada acariciador es suave, flexible y est\u00e1 lleno de texturas estimulantes. \u00daselo con cualquiera de las 3 mangas para mejorar la sensaci\u00f3n al acariciar, cada funda es segura para el cuerpo y f\u00e1cil de limpiar. <\/span><\/p>\n<p class=\"tw-data-text tw-text-large tw-ta\" dir=\"ltr\" data-placeholder=\"Traducci\u00f3n\" data-ved=\"2ahUKEwjGn-KulY6DAxUgj2oFHbuOCu8Q3ewLegQIBhAQ\"><span class=\"Y2IQFc\" lang=\"es\">Las propiedades autolubricantes son temporales. Durar\u00e1 hasta 12 usos. \u00a0. Utilice el producto \u00fanicamente con lubricantes a base de agua. Tambi\u00e9n puede comenzar a usar lubricantes de silicona o h\u00edbridos despu\u00e9s de que las propiedades autolubricantes comiencen a disminuir.<\/span><\/p>\n<div class=\"woocommerce-tabs wc-tabs-wrapper\">\n<div id=\"tab-description\" class=\"woocommerce-Tabs-panel woocommerce-Tabs-panel--description panel entry-content wc-tab\" role=\"tabpanel\" aria-labelledby=\"tab-title-description\">\n<p>\u00a0El\u00a0masturbador masculino, esta \u00a0estar\u00e1 para cuando tu desees y llegara contigo hasta el final de tu encuentro sexual, dise\u00f1ado con un t\u00fanel interno y texturizado para brindarte un m\u00e1ximo placer. Este masturbador masculino cuenta con una textura de piel realista, con un dise\u00f1o superfino que hace que se vea y se sienta como algo real. <b>\u00a1Desl\u00edzate dentro de esta ultra real vagina!<\/b><\/p>\n<p>Por su material te recomendamos, lubricarte con un t\u00e9rmico , esto le dar\u00e1 una sensaci\u00f3n y temperatura mas real y por tanto, tu nivel de placer aumentara.<\/p>\n<p><b>Material: <\/b><span class=\"Y2IQFc\" lang=\"es\"> TPE X5 Plus Superior ultra suave y realista.<\/span><\/p>\n<p><span class=\"Y2IQFc\" lang=\"es\">El vibrador requiere 1 bater\u00eda AAA; no incluido.<\/span><\/p>\n<p><b>Forma de uso:<\/b> Antes y Despu\u00e9s del uso se recomienda limpiarlo con agua y jab\u00f3n suave sin aroma o con nuestros <a href=\"https:\/\/sexshopbajolassabanas.mx\/?product_cat=limpieza-e-higiene\">limpiadores para juguetes, <\/a>\u00a0s<span class=\"Y2IQFc\" lang=\"es\">eque y deje secar al aire antes de guardarlo<\/span>Utiliza siempre un poco de lubricante a base de agua en tu pene y en el masturbador masculino para deslizar tu miembro en el t\u00fanel \u00a0Basta con utilizar tu imaginaci\u00f3n para simular una penetraci\u00f3n y llegar al orgasmo.<\/p>\n<p><b>Cuidados:<\/b> Cons\u00e9rvese cerrado en un lugar fresco no mayor a 30\u00ba. Prot\u00e9jase de la luz solar y el polvo.<\/p>\n<\/div>\n<\/div>\n","protected":false},"excerpt":{"rendered":"<h4><span style=\"color: #33cccc;\">Masturbadores masculinos<\/span><\/h4>\n<p><span class=\"Y2IQFc\" lang=\"es\">Este kit incluye 3 fundas separadas para imitar situaciones reales. Son autolubricantes, lo que significa que puedes agregar solo un poco de agua y se volver\u00e1n resbaladizos como los reales.<\/span><\/p>\n<p>V<span class=\"Y2IQFc\" lang=\"es\">iene con una bala vibratoria.<\/span><\/p>\n","protected":false},"featured_media":7982,"comment_status":"open","ping_status":"closed","template":"","meta":{"om_disable_all_campaigns":false,"site-sidebar-layout":"default","site-content-layout":"default","ast-site-content-layout":"","site-content-style":"default","site-sidebar-style":"default","ast-global-header-display":"","ast-banner-title-visibility":"","ast-main-header-display":"","ast-hfb-above-header-display":"disabled","ast-hfb-below-header-display":"","ast-hfb-mobile-header-display":"","site-post-title":"","ast-breadcrumbs-content":"","ast-featured-img":"","footer-sml-layout":"","theme-transparent-header-meta":"default","adv-header-id-meta":"","stick-header-meta":"","header-above-stick-meta":"","header-main-stick-meta":"","header-below-stick-meta":"","astra-migrate-meta-layouts":"default","ast-page-background-enabled":"default","ast-page-background-meta":{"desktop":{"background-color":"","background-image":"","background-repeat":"repeat","background-position":"center center","background-size":"auto","background-attachment":"scroll","background-type":"","background-media":"","overlay-type":"","overlay-color":"","overlay-opacity":"","overlay-gradient":""},"tablet":{"background-color":"","background-image":"","background-repeat":"repeat","background-position":"center center","background-size":"auto","background-attachment":"scroll","background-type":"","background-media":"","overlay-type":"","overlay-color":"","overlay-opacity":"","overlay-gradient":""},"mobile":{"background-color":"","background-image":"","background-repeat":"repeat","background-position":"center center","background-size":"auto","background-attachment":"scroll","background-type":"","background-media":"","overlay-type":"","overlay-color":"","overlay-opacity":"","overlay-gradient":""}},"ast-content-background-meta":{"desktop":{"background-color":"var(--ast-global-color-5)","background-image":"","background-repeat":"repeat","background-position":"center center","background-size":"auto","background-attachment":"scroll","background-type":"","background-media":"","overlay-type":"","overlay-color":"","overlay-opacity":"","overlay-gradient":""},"tablet":{"background-color":"var(--ast-global-color-5)","background-image":"","background-repeat":"repeat","background-position":"center center","background-size":"auto","background-attachment":"scroll","background-type":"","background-media":"","overlay-type":"","overlay-color":"","overlay-opacity":"","overlay-gradient":""},"mobile":{"background-color":"var(--ast-global-color-5)","background-image":"","background-repeat":"repeat","background-position":"center center","background-size":"auto","background-attachment":"scroll","background-type":"","background-media":"","overlay-type":"","overlay-color":"","overlay-opacity":"","overlay-gradient":""}},"_joinchat":[]},"product_cat":[103,75,196,40],"product_tag":[],"giftcard-category":[],"class_list":{"0":"post-7980","1":"product","2":"type-product","3":"status-publish","4":"has-post-thumbnail","6":"product_cat-kits","7":"product_cat-masturbadores","8":"product_cat-sabaneres","9":"product_cat-sabaneros","10":"desktop-align-left","11":"tablet-align-left","12":"mobile-align-left","14":"first","15":"instock","16":"taxable","17":"shipping-taxable","18":"purchasable","19":"product-type-simple"},"yoast_head":"<!-- This site is optimized with the Yoast SEO plugin v20.5 - https:\/\/yoast.com\/wordpress\/plugins\/seo\/ -->\n<title>Masturbadores masculinos - sexshopbajolassabanas.mx<\/title>\n<meta name=\"description\" content=\"Masturbadores masculinos, masturbate, eyacula dentro de estos masturbadores, juega con la bala sexual vibradora, juguete sexual para hombre\" \/>\n<meta name=\"robots\" content=\"index, follow, max-snippet:-1, max-image-preview:large, max-video-preview:-1\" \/>\n<link rel=\"canonical\" href=\"https:\/\/sexshopbajolassabanas.mx\/?product=masturbadores-masculinos\" \/>\n<meta property=\"og:locale\" content=\"es_MX\" \/>\n<meta property=\"og:type\" content=\"article\" \/>\n<meta property=\"og:title\" content=\"Masturbadores masculinos - sexshopbajolassabanas.mx\" \/>\n<meta property=\"og:description\" content=\"Masturbadores masculinos, masturbate, eyacula dentro de estos masturbadores, juega con la bala sexual vibradora, juguete sexual para hombre\" \/>\n<meta property=\"og:url\" content=\"https:\/\/sexshopbajolassabanas.mx\/?product=masturbadores-masculinos\" \/>\n<meta property=\"og:site_name\" content=\"sexshopbajolassabanas.mx\" \/>\n<meta property=\"article:modified_time\" content=\"2024-04-02T05:28:05+00:00\" \/>\n<meta property=\"og:image\" content=\"http:\/\/sexshopbajolassabanas.mx\/wp-content\/uploads\/2023\/12\/2-2.png\" \/>\n\t<meta property=\"og:image:width\" content=\"1000\" \/>\n\t<meta property=\"og:image:height\" content=\"1000\" \/>\n\t<meta property=\"og:image:type\" content=\"image\/png\" \/>\n<meta name=\"twitter:card\" content=\"summary_large_image\" \/>\n<meta name=\"twitter:label1\" content=\"Tiempo de lectura\" \/>\n\t<meta name=\"twitter:data1\" content=\"2 minutos\" \/>\n<script type=\"application\/ld+json\" class=\"yoast-schema-graph\">{\"@context\":\"https:\/\/schema.org\",\"@graph\":[{\"@type\":\"WebPage\",\"@id\":\"https:\/\/sexshopbajolassabanas.mx\/?product=masturbadores-masculinos\",\"url\":\"https:\/\/sexshopbajolassabanas.mx\/?product=masturbadores-masculinos\",\"name\":\"Masturbadores masculinos - sexshopbajolassabanas.mx\",\"isPartOf\":{\"@id\":\"https:\/\/sexshopbajolassabanas.mx\/#website\"},\"datePublished\":\"2023-12-14T06:59:38+00:00\",\"dateModified\":\"2024-04-02T05:28:05+00:00\",\"description\":\"Masturbadores masculinos, masturbate, eyacula dentro de estos masturbadores, juega con la bala sexual vibradora, juguete sexual para hombre\",\"breadcrumb\":{\"@id\":\"https:\/\/sexshopbajolassabanas.mx\/?product=masturbadores-masculinos#breadcrumb\"},\"inLanguage\":\"es\",\"potentialAction\":[{\"@type\":\"ReadAction\",\"target\":[\"https:\/\/sexshopbajolassabanas.mx\/?product=masturbadores-masculinos\"]}]},{\"@type\":\"BreadcrumbList\",\"@id\":\"https:\/\/sexshopbajolassabanas.mx\/?product=masturbadores-masculinos#breadcrumb\",\"itemListElement\":[{\"@type\":\"ListItem\",\"position\":1,\"name\":\"Inicio\",\"item\":\"https:\/\/sexshopbajolassabanas.mx\/\"},{\"@type\":\"ListItem\",\"position\":2,\"name\":\"Tienda\",\"item\":\"https:\/\/sexshopbajolassabanas.mx\/?page_id=38\"},{\"@type\":\"ListItem\",\"position\":3,\"name\":\"Masturbadores masculinos\"}]},{\"@type\":\"WebSite\",\"@id\":\"https:\/\/sexshopbajolassabanas.mx\/#website\",\"url\":\"https:\/\/sexshopbajolassabanas.mx\/\",\"name\":\"sexshopbajolassabanas.mx\",\"description\":\"Sex Shop Bajo Las Sabanas\",\"publisher\":{\"@id\":\"https:\/\/sexshopbajolassabanas.mx\/#organization\"},\"potentialAction\":[{\"@type\":\"SearchAction\",\"target\":{\"@type\":\"EntryPoint\",\"urlTemplate\":\"https:\/\/sexshopbajolassabanas.mx\/?s={search_term_string}\"},\"query-input\":\"required name=search_term_string\"}],\"inLanguage\":\"es\"},{\"@type\":\"Organization\",\"@id\":\"https:\/\/sexshopbajolassabanas.mx\/#organization\",\"name\":\"sexshopbajolassabanas.mx\",\"url\":\"https:\/\/sexshopbajolassabanas.mx\/\",\"logo\":{\"@type\":\"ImageObject\",\"inLanguage\":\"es\",\"@id\":\"https:\/\/sexshopbajolassabanas.mx\/#\/schema\/logo\/image\/\",\"url\":\"https:\/\/sexshopbajolassabanas.mx\/wp-content\/uploads\/2022\/08\/cropped-cropped-Sin-titulo-2_Mesa-de-trabajo-1.png\",\"contentUrl\":\"https:\/\/sexshopbajolassabanas.mx\/wp-content\/uploads\/2022\/08\/cropped-cropped-Sin-titulo-2_Mesa-de-trabajo-1.png\",\"width\":375,\"height\":375,\"caption\":\"sexshopbajolassabanas.mx\"},\"image\":{\"@id\":\"https:\/\/sexshopbajolassabanas.mx\/#\/schema\/logo\/image\/\"}}]}<\/script>\n<!-- \/ Yoast SEO plugin. -->","yoast_head_json":{"title":"Masturbadores masculinos - sexshopbajolassabanas.mx","description":"Masturbadores masculinos, masturbate, eyacula dentro de estos masturbadores, juega con la bala sexual vibradora, juguete sexual para hombre","robots":{"index":"index","follow":"follow","max-snippet":"max-snippet:-1","max-image-preview":"max-image-preview:large","max-video-preview":"max-video-preview:-1"},"canonical":"https:\/\/sexshopbajolassabanas.mx\/?product=masturbadores-masculinos","og_locale":"es_MX","og_type":"article","og_title":"Masturbadores masculinos - sexshopbajolassabanas.mx","og_description":"Masturbadores masculinos, masturbate, eyacula dentro de estos masturbadores, juega con la bala sexual vibradora, juguete sexual para hombre","og_url":"https:\/\/sexshopbajolassabanas.mx\/?product=masturbadores-masculinos","og_site_name":"sexshopbajolassabanas.mx","article_modified_time":"2024-04-02T05:28:05+00:00","og_image":[{"width":1000,"height":1000,"url":"http:\/\/sexshopbajolassabanas.mx\/wp-content\/uploads\/2023\/12\/2-2.png","type":"image\/png"}],"twitter_card":"summary_large_image","twitter_misc":{"Tiempo de lectura":"2 minutos"},"schema":{"@context":"https:\/\/schema.org","@graph":[{"@type":"WebPage","@id":"https:\/\/sexshopbajolassabanas.mx\/?product=masturbadores-masculinos","url":"https:\/\/sexshopbajolassabanas.mx\/?product=masturbadores-masculinos","name":"Masturbadores masculinos - sexshopbajolassabanas.mx","isPartOf":{"@id":"https:\/\/sexshopbajolassabanas.mx\/#website"},"datePublished":"2023-12-14T06:59:38+00:00","dateModified":"2024-04-02T05:28:05+00:00","description":"Masturbadores masculinos, masturbate, eyacula dentro de estos masturbadores, juega con la bala sexual vibradora, juguete sexual para hombre","breadcrumb":{"@id":"https:\/\/sexshopbajolassabanas.mx\/?product=masturbadores-masculinos#breadcrumb"},"inLanguage":"es","potentialAction":[{"@type":"ReadAction","target":["https:\/\/sexshopbajolassabanas.mx\/?product=masturbadores-masculinos"]}]},{"@type":"BreadcrumbList","@id":"https:\/\/sexshopbajolassabanas.mx\/?product=masturbadores-masculinos#breadcrumb","itemListElement":[{"@type":"ListItem","position":1,"name":"Inicio","item":"https:\/\/sexshopbajolassabanas.mx\/"},{"@type":"ListItem","position":2,"name":"Tienda","item":"https:\/\/sexshopbajolassabanas.mx\/?page_id=38"},{"@type":"ListItem","position":3,"name":"Masturbadores masculinos"}]},{"@type":"WebSite","@id":"https:\/\/sexshopbajolassabanas.mx\/#website","url":"https:\/\/sexshopbajolassabanas.mx\/","name":"sexshopbajolassabanas.mx","description":"Sex Shop Bajo Las Sabanas","publisher":{"@id":"https:\/\/sexshopbajolassabanas.mx\/#organization"},"potentialAction":[{"@type":"SearchAction","target":{"@type":"EntryPoint","urlTemplate":"https:\/\/sexshopbajolassabanas.mx\/?s={search_term_string}"},"query-input":"required name=search_term_string"}],"inLanguage":"es"},{"@type":"Organization","@id":"https:\/\/sexshopbajolassabanas.mx\/#organization","name":"sexshopbajolassabanas.mx","url":"https:\/\/sexshopbajolassabanas.mx\/","logo":{"@type":"ImageObject","inLanguage":"es","@id":"https:\/\/sexshopbajolassabanas.mx\/#\/schema\/logo\/image\/","url":"https:\/\/sexshopbajolassabanas.mx\/wp-content\/uploads\/2022\/08\/cropped-cropped-Sin-titulo-2_Mesa-de-trabajo-1.png","contentUrl":"https:\/\/sexshopbajolassabanas.mx\/wp-content\/uploads\/2022\/08\/cropped-cropped-Sin-titulo-2_Mesa-de-trabajo-1.png","width":375,"height":375,"caption":"sexshopbajolassabanas.mx"},"image":{"@id":"https:\/\/sexshopbajolassabanas.mx\/#\/schema\/logo\/image\/"}}]}},"_links":{"self":[{"href":"https:\/\/sexshopbajolassabanas.mx\/index.php?rest_route=\/wp\/v2\/product\/7980","targetHints":{"allow":["GET"]}}],"collection":[{"href":"https:\/\/sexshopbajolassabanas.mx\/index.php?rest_route=\/wp\/v2\/product"}],"about":[{"href":"https:\/\/sexshopbajolassabanas.mx\/index.php?rest_route=\/wp\/v2\/types\/product"}],"replies":[{"embeddable":true,"href":"https:\/\/sexshopbajolassabanas.mx\/index.php?rest_route=%2Fwp%2Fv2%2Fcomments&post=7980"}],"version-history":[{"count":3,"href":"https:\/\/sexshopbajolassabanas.mx\/index.php?rest_route=\/wp\/v2\/product\/7980\/revisions"}],"predecessor-version":[{"id":7993,"href":"https:\/\/sexshopbajolassabanas.mx\/index.php?rest_route=\/wp\/v2\/product\/7980\/revisions\/7993"}],"wp:featuredmedia":[{"embeddable":true,"href":"https:\/\/sexshopbajolassabanas.mx\/index.php?rest_route=\/wp\/v2\/media\/7982"}],"wp:attachment":[{"href":"https:\/\/sexshopbajolassabanas.mx\/index.php?rest_route=%2Fwp%2Fv2%2Fmedia&parent=7980"}],"wp:term":[{"taxonomy":"product_cat","embeddable":true,"href":"https:\/\/sexshopbajolassabanas.mx\/index.php?rest_route=%2Fwp%2Fv2%2Fproduct_cat&post=7980"},{"taxonomy":"product_tag","embeddable":true,"href":"https:\/\/sexshopbajolassabanas.mx\/index.php?rest_route=%2Fwp%2Fv2%2Fproduct_tag&post=7980"},{"taxonomy":"giftcard-category","embeddable":true,"href":"https:\/\/sexshopbajolassabanas.mx\/index.php?rest_route=%2Fwp%2Fv2%2Fgiftcard-category&post=7980"}],"curies":[{"name":"wp","href":"https:\/\/api.w.org\/{rel}","templated":true}]}}