{"id":8008,"date":"2023-12-17T06:27:21","date_gmt":"2023-12-17T06:27:21","guid":{"rendered":"https:\/\/sexshopbajolassabanas.mx\/?post_type=product&#038;p=8008"},"modified":"2023-12-24T11:15:42","modified_gmt":"2023-12-24T11:15:42","slug":"rhino-69-shot","status":"publish","type":"product","link":"https:\/\/sexshopbajolassabanas.mx\/?product=rhino-69-shot","title":{"rendered":"Rhino 69 shot"},"content":{"rendered":"<h3><span style=\"color: #008080;\"><strong>Viagra\u00a0rhino 69 shot para mejorar y ayudar a tu rendimiento sexual<\/strong><\/span><\/h3>\n<p>Sabanero, \u00bfDeseas tener mayor vigor en tus relaciones \u00edntimas? Toma este shot antes de cada actividad sexual, funciona mejor si se toma con el estomago vac\u00edo.<\/p>\n<p>Tendr\u00e1s mayor energ\u00eda \u00a0fuerza para rendir y disfrutar juntos en cada encuentro. Lo mejor de todo es que ha llegado a <a href=\"https:\/\/sexshopbajolassabanas.mx\/?product_cat=sabaneros\">Bajo las S\u00e1banas<\/a> Rhino 69 shot , mejor conocido viagra para hombre, pero esta es natural.<\/p>\n<p>Prolonga el tiempo de las relaciones sexuales<\/p>\n<p>Cero eyaculaci\u00f3n precoz<\/p>\n<p>Maximiza el grosor, largo y resistencia<\/p>\n<p>Aumenta el volumen de la eyaculaci\u00f3n<\/p>\n<p>Mejora garantizada<\/p>\n<p>Erecci\u00f3n solida como roca<\/p>\n<p>Maximiza la intensidad de tus orgasmos<\/p>\n<p>100% natural<\/p>\n<p>Cambio garantizado<\/p>\n<p>Sin efectos secundarios, no duele la cabeza<\/p>\n<p>Mejor control en tu eyaculaci\u00f3n<\/p>\n<p>Adem\u00e1s, obtendr\u00e1s pronta recuperaci\u00f3n para seguir en los momentos de placer con tu pareja<\/p>\n<p><strong>Una shot rinde \u00a1Hasta por 7 d\u00edas!<\/strong><\/p>\n<p>Presentaci\u00f3n: 1 \u00a0shot rhino 69<\/p>\n<p><strong>Forma de uso:\u00a0<\/strong>Viagra , consumir el shot de viagra liquido rhino 69 shot para hombre como m\u00ednimo 60 minutos antes de tu relaci\u00f3n sexual , los efectos los comenzaras a sentir en 5 \u00a0as\u00ed que estar\u00e1s m\u00e1s que listo para ser el actor principal, en tus momentos de pasi\u00f3n. Acompa\u00f1ar con dos vasos de agua, funciona mejor tom\u00e1ndola con el estomago vac\u00edo, tambi\u00e9n puedes combinarla con suplementos alimenticios como\u00a0<a href=\"https:\/\/sexshopbajolassabanas.mx\/?product=rendimiento-fisico-y-sexual-vitality\">Vitality\u00a0<\/a>. Se mezcla bien con alcohol. El rhino 69 shot \u00a0debe consumirse \u00fanicamente en mayores de 18 a\u00f1os.<\/p>\n<p><strong>Efectos secundarios<\/strong>: Tomar\u00a0<a href=\"https:\/\/sexshopbajolassabanas.mx\/?product=blue-rhino-79-viagra-natural\">Viagra para hombre<\/a>\u00a0no es peligroso si te lo ha recetado un m\u00e9dico y realmente sufres de disfunci\u00f3n er\u00e9ctil o impotencia. Los problemas pueden aparecer cuando realmente quien la toma es joven menor a los 30\u00a0a\u00f1os\u00a0no la necesita y pueden ser los siguientes: Dolor de cabeza, de est\u00f3mago, diarrea, n\u00e1useas, sofocos o mareos, o simplemente quieres tener mas poder la reino es para ti sin excesos, y disfunci\u00f3n er\u00e9ctil temprana.<\/p>\n<p><strong>Atenci\u00f3n:<\/strong>\u00a0No consumir viagra en compa\u00f1\u00eda de drogas como: coca\u00edna, anfetaminas o poppers.250<\/p>\n","protected":false},"excerpt":{"rendered":"<p>Prolonga el tiempo de las relaciones sexuales<\/p>\n<p>Cero eyaculaci\u00f3n precoz<\/p>\n<p>Maximiza el grosor, largo y resistencia<\/p>\n<p>Aumenta el volumen de la eyaculaci\u00f3n<\/p>\n<p>Mejora garantizada<\/p>\n<p>Erecci\u00f3n solida como roca<\/p>\n<p>Maximiza la intensidad de tus orgasmos<\/p>\n<p>100% natural<\/p>\n<p>Cambio garantizado<\/p>\n<p>Sin efectos secundarios, no duele la cabeza<\/p>\n<p>Mejor control en tu eyaculaci\u00f3n<\/p>\n<p>Adem\u00e1s, obtendr\u00e1s pronta recuperaci\u00f3n para seguir en los momentos de placer con tu pareja<\/p>\n","protected":false},"featured_media":7996,"comment_status":"open","ping_status":"closed","template":"","meta":{"om_disable_all_campaigns":false,"site-sidebar-layout":"default","site-content-layout":"default","ast-site-content-layout":"","site-content-style":"default","site-sidebar-style":"default","ast-global-header-display":"","ast-banner-title-visibility":"","ast-main-header-display":"","ast-hfb-above-header-display":"disabled","ast-hfb-below-header-display":"","ast-hfb-mobile-header-display":"","site-post-title":"","ast-breadcrumbs-content":"","ast-featured-img":"","footer-sml-layout":"","theme-transparent-header-meta":"default","adv-header-id-meta":"","stick-header-meta":"","header-above-stick-meta":"","header-main-stick-meta":"","header-below-stick-meta":"","astra-migrate-meta-layouts":"default","ast-page-background-enabled":"default","ast-page-background-meta":{"desktop":{"background-color":"","background-image":"","background-repeat":"repeat","background-position":"center center","background-size":"auto","background-attachment":"scroll","background-type":"","background-media":"","overlay-type":"","overlay-color":"","overlay-opacity":"","overlay-gradient":""},"tablet":{"background-color":"","background-image":"","background-repeat":"repeat","background-position":"center center","background-size":"auto","background-attachment":"scroll","background-type":"","background-media":"","overlay-type":"","overlay-color":"","overlay-opacity":"","overlay-gradient":""},"mobile":{"background-color":"","background-image":"","background-repeat":"repeat","background-position":"center center","background-size":"auto","background-attachment":"scroll","background-type":"","background-media":"","overlay-type":"","overlay-color":"","overlay-opacity":"","overlay-gradient":""}},"ast-content-background-meta":{"desktop":{"background-color":"var(--ast-global-color-5)","background-image":"","background-repeat":"repeat","background-position":"center center","background-size":"auto","background-attachment":"scroll","background-type":"","background-media":"","overlay-type":"","overlay-color":"","overlay-opacity":"","overlay-gradient":""},"tablet":{"background-color":"var(--ast-global-color-5)","background-image":"","background-repeat":"repeat","background-position":"center center","background-size":"auto","background-attachment":"scroll","background-type":"","background-media":"","overlay-type":"","overlay-color":"","overlay-opacity":"","overlay-gradient":""},"mobile":{"background-color":"var(--ast-global-color-5)","background-image":"","background-repeat":"repeat","background-position":"center center","background-size":"auto","background-attachment":"scroll","background-type":"","background-media":"","overlay-type":"","overlay-color":"","overlay-opacity":"","overlay-gradient":""}},"_joinchat":{"message_send":"Hola estoy buscando..."}},"product_cat":[65,108,196,40],"product_tag":[],"giftcard-category":[],"class_list":{"0":"post-8008","1":"product","2":"type-product","3":"status-publish","4":"has-post-thumbnail","6":"product_cat-rendimiento-sexual","7":"product_cat-rendimiento-sexual-el","8":"product_cat-sabaneres","9":"product_cat-sabaneros","10":"desktop-align-left","11":"tablet-align-left","12":"mobile-align-left","14":"first","15":"instock","16":"taxable","17":"shipping-taxable","18":"purchasable","19":"product-type-simple"},"yoast_head":"<!-- This site is optimized with the Yoast SEO plugin v20.5 - https:\/\/yoast.com\/wordpress\/plugins\/seo\/ -->\n<title>Rhino 69 shot - sexshopbajolassabanas.mx<\/title>\n<meta name=\"description\" content=\"Rhino 69 shot es un viagra liquido para fortalecer las erecciones, aumenta la eyacu\u00f3lacion, adios eyaculacin precoz, rendimiento sexual masculino\" \/>\n<meta name=\"robots\" content=\"index, follow, max-snippet:-1, max-image-preview:large, max-video-preview:-1\" \/>\n<link rel=\"canonical\" href=\"https:\/\/sexshopbajolassabanas.mx\/?product=rhino-69-shot\" \/>\n<meta property=\"og:locale\" content=\"es_MX\" \/>\n<meta property=\"og:type\" content=\"article\" \/>\n<meta property=\"og:title\" content=\"Rhino 69 shot - sexshopbajolassabanas.mx\" \/>\n<meta property=\"og:description\" content=\"Rhino 69 shot es un viagra liquido para fortalecer las erecciones, aumenta la eyacu\u00f3lacion, adios eyaculacin precoz, rendimiento sexual masculino\" \/>\n<meta property=\"og:url\" content=\"https:\/\/sexshopbajolassabanas.mx\/?product=rhino-69-shot\" \/>\n<meta property=\"og:site_name\" content=\"sexshopbajolassabanas.mx\" \/>\n<meta property=\"article:modified_time\" content=\"2023-12-24T11:15:42+00:00\" \/>\n<meta property=\"og:image\" content=\"http:\/\/sexshopbajolassabanas.mx\/wp-content\/uploads\/2023\/01\/3.png\" \/>\n\t<meta property=\"og:image:width\" content=\"1000\" \/>\n\t<meta property=\"og:image:height\" content=\"1000\" \/>\n\t<meta property=\"og:image:type\" content=\"image\/png\" \/>\n<meta name=\"twitter:card\" content=\"summary_large_image\" \/>\n<meta name=\"twitter:label1\" content=\"Tiempo de lectura\" \/>\n\t<meta name=\"twitter:data1\" content=\"2 minutos\" \/>\n<script type=\"application\/ld+json\" class=\"yoast-schema-graph\">{\"@context\":\"https:\/\/schema.org\",\"@graph\":[{\"@type\":\"WebPage\",\"@id\":\"https:\/\/sexshopbajolassabanas.mx\/?product=rhino-69-shot\",\"url\":\"https:\/\/sexshopbajolassabanas.mx\/?product=rhino-69-shot\",\"name\":\"Rhino 69 shot - sexshopbajolassabanas.mx\",\"isPartOf\":{\"@id\":\"https:\/\/sexshopbajolassabanas.mx\/#website\"},\"datePublished\":\"2023-12-17T06:27:21+00:00\",\"dateModified\":\"2023-12-24T11:15:42+00:00\",\"description\":\"Rhino 69 shot es un viagra liquido para fortalecer las erecciones, aumenta la eyacu\u00f3lacion, adios eyaculacin precoz, rendimiento sexual masculino\",\"breadcrumb\":{\"@id\":\"https:\/\/sexshopbajolassabanas.mx\/?product=rhino-69-shot#breadcrumb\"},\"inLanguage\":\"es\",\"potentialAction\":[{\"@type\":\"ReadAction\",\"target\":[\"https:\/\/sexshopbajolassabanas.mx\/?product=rhino-69-shot\"]}]},{\"@type\":\"BreadcrumbList\",\"@id\":\"https:\/\/sexshopbajolassabanas.mx\/?product=rhino-69-shot#breadcrumb\",\"itemListElement\":[{\"@type\":\"ListItem\",\"position\":1,\"name\":\"Inicio\",\"item\":\"https:\/\/sexshopbajolassabanas.mx\/\"},{\"@type\":\"ListItem\",\"position\":2,\"name\":\"Tienda\",\"item\":\"https:\/\/sexshopbajolassabanas.mx\/?page_id=38\"},{\"@type\":\"ListItem\",\"position\":3,\"name\":\"Rhino 69 shot\"}]},{\"@type\":\"WebSite\",\"@id\":\"https:\/\/sexshopbajolassabanas.mx\/#website\",\"url\":\"https:\/\/sexshopbajolassabanas.mx\/\",\"name\":\"sexshopbajolassabanas.mx\",\"description\":\"Sex Shop Bajo Las Sabanas\",\"publisher\":{\"@id\":\"https:\/\/sexshopbajolassabanas.mx\/#organization\"},\"potentialAction\":[{\"@type\":\"SearchAction\",\"target\":{\"@type\":\"EntryPoint\",\"urlTemplate\":\"https:\/\/sexshopbajolassabanas.mx\/?s={search_term_string}\"},\"query-input\":\"required name=search_term_string\"}],\"inLanguage\":\"es\"},{\"@type\":\"Organization\",\"@id\":\"https:\/\/sexshopbajolassabanas.mx\/#organization\",\"name\":\"sexshopbajolassabanas.mx\",\"url\":\"https:\/\/sexshopbajolassabanas.mx\/\",\"logo\":{\"@type\":\"ImageObject\",\"inLanguage\":\"es\",\"@id\":\"https:\/\/sexshopbajolassabanas.mx\/#\/schema\/logo\/image\/\",\"url\":\"https:\/\/sexshopbajolassabanas.mx\/wp-content\/uploads\/2022\/08\/cropped-cropped-Sin-titulo-2_Mesa-de-trabajo-1.png\",\"contentUrl\":\"https:\/\/sexshopbajolassabanas.mx\/wp-content\/uploads\/2022\/08\/cropped-cropped-Sin-titulo-2_Mesa-de-trabajo-1.png\",\"width\":375,\"height\":375,\"caption\":\"sexshopbajolassabanas.mx\"},\"image\":{\"@id\":\"https:\/\/sexshopbajolassabanas.mx\/#\/schema\/logo\/image\/\"}}]}<\/script>\n<!-- \/ Yoast SEO plugin. -->","yoast_head_json":{"title":"Rhino 69 shot - sexshopbajolassabanas.mx","description":"Rhino 69 shot es un viagra liquido para fortalecer las erecciones, aumenta la eyacu\u00f3lacion, adios eyaculacin precoz, rendimiento sexual masculino","robots":{"index":"index","follow":"follow","max-snippet":"max-snippet:-1","max-image-preview":"max-image-preview:large","max-video-preview":"max-video-preview:-1"},"canonical":"https:\/\/sexshopbajolassabanas.mx\/?product=rhino-69-shot","og_locale":"es_MX","og_type":"article","og_title":"Rhino 69 shot - sexshopbajolassabanas.mx","og_description":"Rhino 69 shot es un viagra liquido para fortalecer las erecciones, aumenta la eyacu\u00f3lacion, adios eyaculacin precoz, rendimiento sexual masculino","og_url":"https:\/\/sexshopbajolassabanas.mx\/?product=rhino-69-shot","og_site_name":"sexshopbajolassabanas.mx","article_modified_time":"2023-12-24T11:15:42+00:00","og_image":[{"width":1000,"height":1000,"url":"http:\/\/sexshopbajolassabanas.mx\/wp-content\/uploads\/2023\/01\/3.png","type":"image\/png"}],"twitter_card":"summary_large_image","twitter_misc":{"Tiempo de lectura":"2 minutos"},"schema":{"@context":"https:\/\/schema.org","@graph":[{"@type":"WebPage","@id":"https:\/\/sexshopbajolassabanas.mx\/?product=rhino-69-shot","url":"https:\/\/sexshopbajolassabanas.mx\/?product=rhino-69-shot","name":"Rhino 69 shot - sexshopbajolassabanas.mx","isPartOf":{"@id":"https:\/\/sexshopbajolassabanas.mx\/#website"},"datePublished":"2023-12-17T06:27:21+00:00","dateModified":"2023-12-24T11:15:42+00:00","description":"Rhino 69 shot es un viagra liquido para fortalecer las erecciones, aumenta la eyacu\u00f3lacion, adios eyaculacin precoz, rendimiento sexual masculino","breadcrumb":{"@id":"https:\/\/sexshopbajolassabanas.mx\/?product=rhino-69-shot#breadcrumb"},"inLanguage":"es","potentialAction":[{"@type":"ReadAction","target":["https:\/\/sexshopbajolassabanas.mx\/?product=rhino-69-shot"]}]},{"@type":"BreadcrumbList","@id":"https:\/\/sexshopbajolassabanas.mx\/?product=rhino-69-shot#breadcrumb","itemListElement":[{"@type":"ListItem","position":1,"name":"Inicio","item":"https:\/\/sexshopbajolassabanas.mx\/"},{"@type":"ListItem","position":2,"name":"Tienda","item":"https:\/\/sexshopbajolassabanas.mx\/?page_id=38"},{"@type":"ListItem","position":3,"name":"Rhino 69 shot"}]},{"@type":"WebSite","@id":"https:\/\/sexshopbajolassabanas.mx\/#website","url":"https:\/\/sexshopbajolassabanas.mx\/","name":"sexshopbajolassabanas.mx","description":"Sex Shop Bajo Las Sabanas","publisher":{"@id":"https:\/\/sexshopbajolassabanas.mx\/#organization"},"potentialAction":[{"@type":"SearchAction","target":{"@type":"EntryPoint","urlTemplate":"https:\/\/sexshopbajolassabanas.mx\/?s={search_term_string}"},"query-input":"required name=search_term_string"}],"inLanguage":"es"},{"@type":"Organization","@id":"https:\/\/sexshopbajolassabanas.mx\/#organization","name":"sexshopbajolassabanas.mx","url":"https:\/\/sexshopbajolassabanas.mx\/","logo":{"@type":"ImageObject","inLanguage":"es","@id":"https:\/\/sexshopbajolassabanas.mx\/#\/schema\/logo\/image\/","url":"https:\/\/sexshopbajolassabanas.mx\/wp-content\/uploads\/2022\/08\/cropped-cropped-Sin-titulo-2_Mesa-de-trabajo-1.png","contentUrl":"https:\/\/sexshopbajolassabanas.mx\/wp-content\/uploads\/2022\/08\/cropped-cropped-Sin-titulo-2_Mesa-de-trabajo-1.png","width":375,"height":375,"caption":"sexshopbajolassabanas.mx"},"image":{"@id":"https:\/\/sexshopbajolassabanas.mx\/#\/schema\/logo\/image\/"}}]}},"_links":{"self":[{"href":"https:\/\/sexshopbajolassabanas.mx\/index.php?rest_route=\/wp\/v2\/product\/8008","targetHints":{"allow":["GET"]}}],"collection":[{"href":"https:\/\/sexshopbajolassabanas.mx\/index.php?rest_route=\/wp\/v2\/product"}],"about":[{"href":"https:\/\/sexshopbajolassabanas.mx\/index.php?rest_route=\/wp\/v2\/types\/product"}],"replies":[{"embeddable":true,"href":"https:\/\/sexshopbajolassabanas.mx\/index.php?rest_route=%2Fwp%2Fv2%2Fcomments&post=8008"}],"version-history":[{"count":1,"href":"https:\/\/sexshopbajolassabanas.mx\/index.php?rest_route=\/wp\/v2\/product\/8008\/revisions"}],"predecessor-version":[{"id":8009,"href":"https:\/\/sexshopbajolassabanas.mx\/index.php?rest_route=\/wp\/v2\/product\/8008\/revisions\/8009"}],"wp:featuredmedia":[{"embeddable":true,"href":"https:\/\/sexshopbajolassabanas.mx\/index.php?rest_route=\/wp\/v2\/media\/7996"}],"wp:attachment":[{"href":"https:\/\/sexshopbajolassabanas.mx\/index.php?rest_route=%2Fwp%2Fv2%2Fmedia&parent=8008"}],"wp:term":[{"taxonomy":"product_cat","embeddable":true,"href":"https:\/\/sexshopbajolassabanas.mx\/index.php?rest_route=%2Fwp%2Fv2%2Fproduct_cat&post=8008"},{"taxonomy":"product_tag","embeddable":true,"href":"https:\/\/sexshopbajolassabanas.mx\/index.php?rest_route=%2Fwp%2Fv2%2Fproduct_tag&post=8008"},{"taxonomy":"giftcard-category","embeddable":true,"href":"https:\/\/sexshopbajolassabanas.mx\/index.php?rest_route=%2Fwp%2Fv2%2Fgiftcard-category&post=8008"}],"curies":[{"name":"wp","href":"https:\/\/api.w.org\/{rel}","templated":true}]}}